{"id":325,"date":"2024-01-07T16:44:47","date_gmt":"2024-01-07T21:44:47","guid":{"rendered":"https:\/\/ecrimeprotex.com\/?page_id=325"},"modified":"2026-04-20T08:45:35","modified_gmt":"2026-04-20T12:45:35","slug":"yatho","status":"publish","type":"page","link":"https:\/\/ecrimeprotex.com\/en\/yatho\/","title":{"rendered":"Yatho"},"content":{"rendered":"\n<div class=\"wp-block-cover alignfull\" style=\"min-height:100vh;aspect-ratio:unset;\"><span aria-hidden=\"true\" class=\"wp-block-cover__background has-palette-color-4-background-color has-background-dim-40 has-background-dim\"><\/span><video class=\"wp-block-cover__video-background intrinsic-ignore\" autoplay muted loop playsinline src=\"https:\/\/ecrimeprotex.com\/wp-content\/uploads\/2024\/01\/production_id_5199625-720p.mp4\" data-object-fit=\"cover\"><\/video><div class=\"wp-block-cover__inner-container is-layout-constrained wp-block-cover-is-layout-constrained\">\n<div class=\"wp-block-essential-blocks-row alignfull\"><div class=\"eb-parent-wrapper eb-parent-eb-row-dhbcb \"><div class=\"eb-row-root-container eb-row-dhbcb\" data-id=\"eb-row-dhbcb\"><div class=\"eb-row-wrapper\"><div class=\"eb-row-inner\">\n<div class=\"eb-parent-wrapper eb-parent-eb-column-ox5g4  wp-block-essential-blocks-column\"><div class=\"eb-column-wrapper eb-column-ox5g4\"><div class=\"eb-column-inner\">\n<div class=\"wp-block-essential-blocks-advanced-heading main-title-shadow\"><div class=\"eb-parent-wrapper eb-parent-eb-advance-heading-mu2tq eb_animation eb___animated eb___fadeIn\"><div class=\"eb-advance-heading-wrapper eb-advance-heading-mu2tq button-1\" data-id=\"eb-advance-heading-mu2tq\"><h2 class=\"eb-ah-title\">PROT\u00c9GER VOTRE ENFANT DANS L&rsquo;ESPACE NUM\u00c9RIQUE<\/h2><\/div><\/div><\/div>\n\n\n\n<div class=\"wp-block-essential-blocks-advanced-image\"><div class=\"eb-parent-wrapper eb-parent-eb-advanced-image-w8fyo eb_animation eb___animated eb___fadeIn\"><figure class=\"eb-advanced-image-wrapper eb-advanced-image-w8fyo img-style-rounded caption-style-2 caption-horizontal-center caption-vertical-bottom bottom no-effect\" data-id=\"eb-advanced-image-w8fyo\"><div class=\"image-wrapper\"><a class=\"eb-advimg-link\" href=\"#adopt\"><\/a><img decoding=\"async\" src=\"https:\/\/ecrimeprotex.com\/wp-content\/uploads\/2024\/01\/11_2.png\" alt=\"\"\/><\/div><figcaption>Une APP de protection et de pr\u00e9vention des cyberviolences<\/figcaption><\/figure><\/div><\/div>\n<\/div><\/div><\/div>\n<\/div><\/div><\/div><\/div><\/div>\n<\/div><\/div>\n\n\n\n<div class=\"wp-block-essential-blocks-wrapper alignfull\"><div class=\"eb-parent-wrapper eb-parent-eb-wrapper-mwx9p \"><div class=\"eb-wrapper-outer eb-wrapper-mwx9p\"><div class=\"eb-wrapper-inner\"><div class=\"eb-wrapper-inner-blocks eb-wrapper-align-center\">\n<div class=\"wp-block-essential-blocks-row alignfull\"><div class=\"eb-parent-wrapper eb-parent-eb-row-ymwzw \"><div class=\"eb-row-root-container eb-row-ymwzw\" data-id=\"eb-row-ymwzw\"><div class=\"eb-row-wrapper\"><div class=\"eb-row-inner\">\n<div class=\"eb-parent-wrapper eb-parent-eb-column-tcd1l  wp-block-essential-blocks-column\"><div class=\"eb-column-wrapper eb-column-tcd1l\"><div class=\"eb-column-inner\">\n<div class=\"wp-block-essential-blocks-advanced-heading\"><div class=\"eb-parent-wrapper eb-parent-eb-advance-heading-32xeg eb_animation eb___animated eb___fadeInLeft\"><div class=\"eb-advance-heading-wrapper eb-advance-heading-32xeg button-1\" data-id=\"eb-advance-heading-32xeg\"><h4 class=\"eb-ah-title\">YATHO, le CyberCompagnon intelligent<\/h4><p class=\"eb-ah-subtitle\">Il prot\u00e8ge votre enfant dans l\u2019espace num\u00e9rique et le sensibilise aux cybermenaces. <br><br>YATHO s\u2019adresse aux jeunes de 7 \u00e0 17 ans.<br><br>L\u2019intelligence artificielle au service de la s\u00e9curit\u00e9 de vos enfants.<\/p><\/div><\/div><\/div>\n<\/div><\/div><\/div>\n\n\n\n<div class=\"eb-parent-wrapper eb-parent-eb-column-o1yqa  wp-block-essential-blocks-column\"><div class=\"eb-column-wrapper eb-column-o1yqa\"><div class=\"eb-column-inner\">\n<div class=\"wp-block-essential-blocks-advanced-image\"><div class=\"eb-parent-wrapper eb-parent-eb-advanced-image-7td96 eb_animation eb___animated eb___fadeInRight\"><figure class=\"eb-advanced-image-wrapper eb-advanced-image-7td96 img-style-square caption-style-1 caption-horizontal-center caption-vertical-bottom bottom no-effect\" data-id=\"eb-advanced-image-7td96\"><div class=\"image-wrapper\"><img decoding=\"async\" src=\"https:\/\/ecrimeprotex.com\/wp-content\/uploads\/2024\/01\/Yatho-FondTransparent.png\" alt=\"Yatho\"\/><\/div><\/figure><\/div><\/div>\n<\/div><\/div><\/div>\n<\/div><\/div><\/div><\/div><\/div>\n<\/div><\/div><\/div><\/div><\/div>\n\n\n\n<div class=\"wp-block-essential-blocks-wrapper alignfull\"><div class=\"eb-parent-wrapper eb-parent-eb-wrapper-w1dnbs0 \"><div class=\"eb-wrapper-outer eb-wrapper-w1dnbs0\"><div class=\"eb-wrapper-inner\"><div class=\"eb-wrapper-inner-blocks eb-wrapper-align-center\">\n<div class=\"wp-block-essential-blocks-row alignfull\"><div class=\"eb-parent-wrapper eb-parent-eb-row-du5bjy8 \"><div class=\"eb-row-root-container eb-row-du5bjy8\" data-id=\"eb-row-du5bjy8\"><div class=\"eb-row-wrapper\"><div class=\"eb-row-inner\">\n<div class=\"eb-parent-wrapper eb-parent-eb-column-81uv8r7  wp-block-essential-blocks-column\"><div class=\"eb-column-wrapper eb-column-81uv8r7\"><div class=\"eb-column-inner\">\n<div class=\"wp-block-essential-blocks-advanced-heading\"><div class=\"eb-parent-wrapper eb-parent-eb-advance-heading-l8pvsb1 eb_animation eb___animated eb___fadeInLeft\"><div class=\"eb-advance-heading-wrapper eb-advance-heading-l8pvsb1 button-1\" data-id=\"eb-advance-heading-l8pvsb1\"><h2 class=\"eb-ah-title\">YATHO favorise l\u2019autonomie et le renforcement des capacit\u00e9s<\/h2><p class=\"eb-ah-subtitle\">Cette application de cyberprotection et de pr\u00e9vention s\u2019inscrit dans une approche positive et \u00e9ducative ax\u00e9e sur la confiance en soi. Elle vise \u00e0 responsabiliser les jeunes afin qu\u2019ils deviennent des acteurs de leur propre s\u00e9curit\u00e9.<\/p><\/div><\/div><\/div>\n<\/div><\/div><\/div>\n\n\n\n<div class=\"eb-parent-wrapper eb-parent-eb-column-xrgot7j  wp-block-essential-blocks-column\"><div class=\"eb-column-wrapper eb-column-xrgot7j\"><div class=\"eb-column-inner\">\n<div class=\"wp-block-essential-blocks-advanced-image\"><div class=\"eb-parent-wrapper eb-parent-eb-advanced-image-sdatwiy eb_animation eb___animated eb___fadeInRight\"><figure class=\"eb-advanced-image-wrapper eb-advanced-image-sdatwiy img-style-square caption-style-1 caption-horizontal-center caption-vertical-bottom bottom no-effect\" data-id=\"eb-advanced-image-sdatwiy\"><div class=\"image-wrapper\"><img decoding=\"async\" src=\"https:\/\/ecrimeprotex.com\/wp-content\/uploads\/2024\/01\/phone-yatho.png\" alt=\"\"\/><\/div><\/figure><\/div><\/div>\n<\/div><\/div><\/div>\n<\/div><\/div><\/div><\/div><\/div>\n<\/div><\/div><\/div><\/div><\/div>\n\n\n\n<div class=\"wp-block-essential-blocks-wrapper alignfull\"><div class=\"eb-parent-wrapper eb-parent-eb-wrapper-5fufy \"><div class=\"eb-wrapper-outer eb-wrapper-5fufy\"><div class=\"eb-wrapper-inner\"><div class=\"eb-wrapper-inner-blocks eb-wrapper-align-center\">\n<div class=\"wp-block-essential-blocks-row alignfull\"><div class=\"eb-parent-wrapper eb-parent-eb-row-1yn9p \"><div class=\"eb-row-root-container eb-row-1yn9p\" data-id=\"eb-row-1yn9p\"><div class=\"eb-row-wrapper\"><div class=\"eb-row-inner\">\n<div class=\"eb-parent-wrapper eb-parent-eb-column-u1g2m  wp-block-essential-blocks-column\"><div class=\"eb-column-wrapper eb-column-u1g2m\"><div class=\"eb-column-inner\">\n<div class=\"wp-block-essential-blocks-advanced-image\"><div class=\"eb-parent-wrapper eb-parent-eb-advanced-image-qw16j eb_animation eb___animated eb___fadeInLeft\"><figure class=\"eb-advanced-image-wrapper eb-advanced-image-qw16j img-style-circle caption-style-1 caption-horizontal-center caption-vertical-bottom bottom no-effect\" data-id=\"eb-advanced-image-qw16j\"><div class=\"image-wrapper\"><img decoding=\"async\" src=\"https:\/\/ecrimeprotex.com\/wp-content\/uploads\/2024\/01\/Application-fond-transparent.png\" alt=\"\"\/><\/div><\/figure><\/div><\/div>\n<\/div><\/div><\/div>\n\n\n\n<div class=\"eb-parent-wrapper eb-parent-eb-column-a1tth  wp-block-essential-blocks-column\"><div class=\"eb-column-wrapper eb-column-a1tth\"><div class=\"eb-column-inner\">\n<div class=\"wp-block-essential-blocks-advanced-heading\"><div class=\"eb-parent-wrapper eb-parent-eb-advance-heading-fnydy eb_animation eb___animated eb___fadeInRight\"><div class=\"eb-advance-heading-wrapper eb-advance-heading-fnydy button-1\" data-id=\"eb-advance-heading-fnydy\"><h2 class=\"eb-ah-title\">YATHO d\u00e9tecte et signale<\/h2><p class=\"eb-ah-subtitle\">D\u00e9tecte en temps r\u00e9el les menaces (photos, vid\u00e9os, conversations inappropri\u00e9es).<br><br>Signale la menace et propose des possibilit\u00e9s d\u2019action.<br><br>R\u00e9pond aux demandes de conseil initi\u00e9es par votre enfant.<br><br>Offre des ressources d\u2019aide.<\/p><\/div><\/div><\/div>\n<\/div><\/div><\/div>\n<\/div><\/div><\/div><\/div><\/div>\n<\/div><\/div><\/div><\/div><\/div>\n\n\n\n<div class=\"wp-block-essential-blocks-wrapper alignfull\" id=\"mobile-v\"><div class=\"eb-parent-wrapper eb-parent-eb-wrapper-46qqp \"><div class=\"eb-wrapper-outer eb-wrapper-46qqp\"><div class=\"eb-wrapper-inner\"><div class=\"eb-wrapper-inner-blocks eb-wrapper-align-center\">\n<div class=\"wp-block-essential-blocks-row alignfull\"><div class=\"eb-parent-wrapper eb-parent-eb-row-y0xtu \"><div class=\"eb-row-root-container eb-row-y0xtu\" data-id=\"eb-row-y0xtu\"><div class=\"eb-row-wrapper\"><div class=\"eb-row-inner\">\n<div class=\"eb-parent-wrapper eb-parent-eb-column-5q89u  wp-block-essential-blocks-column\"><div class=\"eb-column-wrapper eb-column-5q89u\"><div class=\"eb-column-inner\">\n<div class=\"wp-block-essential-blocks-advanced-heading\"><div class=\"eb-parent-wrapper eb-parent-eb-advance-heading-gwfmk eb_animation eb___animated eb___fadeInLeft\"><div class=\"eb-advance-heading-wrapper eb-advance-heading-gwfmk button-1\" data-id=\"eb-advance-heading-gwfmk\"><h2 class=\"eb-ah-title\">YATHO d\u00e9tecte et signale<\/h2><p class=\"eb-ah-subtitle\">D\u00e9tecte en temps r\u00e9el les menaces (photos, vid\u00e9os, conversations inappropri\u00e9es).<br><br>Signale la menace et propose des possibilit\u00e9s d\u2019action.<br><br>R\u00e9pond aux demandes de conseil initi\u00e9es par votre enfant.<br><br>Offre des ressources d\u2019aide.<\/p><\/div><\/div><\/div>\n<\/div><\/div><\/div>\n\n\n\n<div class=\"eb-parent-wrapper eb-parent-eb-column-cc4e6  wp-block-essential-blocks-column\"><div class=\"eb-column-wrapper eb-column-cc4e6\"><div class=\"eb-column-inner\">\n<div class=\"wp-block-essential-blocks-advanced-image\"><div class=\"eb-parent-wrapper eb-parent-eb-advanced-image-tdoz1 eb_animation eb___animated eb___fadeInRight\"><figure class=\"eb-advanced-image-wrapper eb-advanced-image-tdoz1 img-style-circle caption-style-1 caption-horizontal-center caption-vertical-bottom bottom no-effect\" data-id=\"eb-advanced-image-tdoz1\"><div class=\"image-wrapper\"><img decoding=\"async\" src=\"https:\/\/ecrimeprotex.com\/wp-content\/uploads\/2024\/01\/Application-fond-transparent.png\" alt=\"\"\/><\/div><\/figure><\/div><\/div>\n<\/div><\/div><\/div>\n<\/div><\/div><\/div><\/div><\/div>\n<\/div><\/div><\/div><\/div><\/div>\n\n\n\n<div class=\"wp-block-essential-blocks-wrapper alignfull\"><div class=\"eb-parent-wrapper eb-parent-eb-wrapper-rc7z61a \"><div class=\"eb-wrapper-outer eb-wrapper-rc7z61a\"><div class=\"eb-wrapper-inner\"><div class=\"eb-wrapper-inner-blocks eb-wrapper-align-center\">\n<div class=\"wp-block-essential-blocks-row alignfull\"><div class=\"eb-parent-wrapper eb-parent-eb-row-s1ochjg \"><div class=\"eb-row-root-container eb-row-s1ochjg\" data-id=\"eb-row-s1ochjg\"><div class=\"eb-row-wrapper\"><div class=\"eb-row-inner\">\n<div class=\"eb-parent-wrapper eb-parent-eb-column-rh3m2ww  wp-block-essential-blocks-column\"><div class=\"eb-column-wrapper eb-column-rh3m2ww\"><div class=\"eb-column-inner\">\n<div class=\"wp-block-essential-blocks-advanced-heading\"><div class=\"eb-parent-wrapper eb-parent-eb-advance-heading-4icu3ds eb_animation eb___animated eb___fadeInLeft\"><div class=\"eb-advance-heading-wrapper eb-advance-heading-4icu3ds button-1\" data-id=\"eb-advance-heading-4icu3ds\"><h2 class=\"eb-ah-title\">YATHO \u00e9duque et sensibilise<\/h2><p class=\"eb-ah-subtitle\">Prodigue des conseils de pr\u00e9vention et de protection personnalis\u00e9s en temps r\u00e9el.<br><br>Sensibilise aux cyberviolences et aux diff\u00e9rentes formes de criminalit\u00e9 pr\u00e9sentes dans le cyberespace. <br><br>Enseigne les techniques de d\u00e9tection des cybercriminels.<\/p><\/div><\/div><\/div>\n<\/div><\/div><\/div>\n\n\n\n<div class=\"eb-parent-wrapper eb-parent-eb-column-epaufzw  wp-block-essential-blocks-column\"><div class=\"eb-column-wrapper eb-column-epaufzw\"><div class=\"eb-column-inner\">\n<div class=\"wp-block-essential-blocks-advanced-image\"><div class=\"eb-parent-wrapper eb-parent-eb-advanced-image-9y45fnc eb_animation eb___animated eb___fadeInRight\"><figure class=\"eb-advanced-image-wrapper eb-advanced-image-9y45fnc img-style-square caption-style-1 caption-horizontal-center caption-vertical-bottom bottom no-effect\" data-id=\"eb-advanced-image-9y45fnc\"><div class=\"image-wrapper\"><img decoding=\"async\" src=\"https:\/\/ecrimeprotex.com\/wp-content\/uploads\/2024\/01\/Classe.png\" alt=\"\"\/><\/div><\/figure><\/div><\/div>\n<\/div><\/div><\/div>\n<\/div><\/div><\/div><\/div><\/div>\n<\/div><\/div><\/div><\/div><\/div>\n\n\n\n<div class=\"wp-block-essential-blocks-wrapper alignfull\" id=\"adopt\"><div class=\"eb-parent-wrapper eb-parent-eb-wrapper-ksdim \"><div class=\"eb-wrapper-outer eb-wrapper-ksdim\"><div class=\"eb-wrapper-inner\"><div class=\"eb-wrapper-inner-blocks eb-wrapper-align-center\">\n<div class=\"wp-block-essential-blocks-row alignfull\"><div class=\"eb-parent-wrapper eb-parent-eb-row-rgwsq \"><div class=\"eb-row-root-container eb-row-rgwsq\" data-id=\"eb-row-rgwsq\"><div class=\"eb-row-wrapper\"><div class=\"eb-row-inner\">\n<div class=\"eb-parent-wrapper eb-parent-eb-column-6f5a2  wp-block-essential-blocks-column\"><div class=\"eb-column-wrapper eb-column-6f5a2\"><div class=\"eb-column-inner\">\n<div class=\"wp-block-essential-blocks-advanced-image\"><div class=\"eb-parent-wrapper eb-parent-eb-advanced-image-bdo87 eb_animation eb___animated eb___fadeIn\"><figure class=\"eb-advanced-image-wrapper eb-advanced-image-bdo87 img-style-rounded caption-style-2 caption-horizontal-center caption-vertical-bottom bottom no-effect\" data-id=\"eb-advanced-image-bdo87\"><div class=\"image-wrapper\"><img decoding=\"async\" src=\"https:\/\/ecrimeprotex.com\/wp-content\/uploads\/2024\/01\/11_2.png\" alt=\"\"\/><\/div><figcaption>Souhaitez-vous \u00eatre inform\u00e9 de la sortie de cette application?<\/figcaption><\/figure><\/div><\/div>\n\n\n\n<div\n\tclass=\"root-eb-fluent-form-a9uhi wp-block-essential-blocks-fluent-forms\">\n\t<div class=\"eb-parent-eb-fluent-form-a9uhi eb_animation eb___animated eb___fadeIn eb-parent-wrapper\">\n\t\t<div class=\"eb-fluent-form-a9uhi eb-fluent-form-wrapper eb-fluentform-default-subscription\">\n\t\t\t<div class='fluentform ff-default fluentform_wrapper_2 ffs_default_wrap'><form data-form_id=\"2\" id=\"fluentform_2\" class=\"frm-fluent-form fluent_form_2 ff-el-form-top ff_form_instance_2_1 ff-form-loading ffs_default\" data-form_instance=\"ff_form_instance_2_1\" method=\"POST\" data-turnstile_key=\"0x4AAAAAAAPsuz_iRVFyXh-a\" ><fieldset  style=\"border: none!important;margin: 0!important;padding: 0!important;background-color: transparent!important;box-shadow: none!important;outline: none!important; min-inline-size: 100%;\">\n                    <legend class=\"ff_screen_reader_title\" style=\"display: block; margin: 0!important;padding: 0!important;height: 0!important;text-indent: -999999px;width: 0!important;overflow:hidden;\">Subscription Form<\/legend><input type='hidden' name='__fluent_form_embded_post_id' value='325' \/><input type=\"hidden\" id=\"_fluentform_2_fluentformnonce\" name=\"_fluentform_2_fluentformnonce\" value=\"4aa6bdd143\" \/><input type=\"hidden\" name=\"_wp_http_referer\" value=\"\/en\/wp-json\/wp\/v2\/pages\/325\" \/><div data-type=\"name-element\" data-name=\"names\" class=\" ff-field_container ff-name-field-wrapper\" ><div class='ff-t-container'><div class='ff-t-cell '><div class='ff-el-group  ff-el-form-top'><div class=\"ff-el-input--label ff-el-is-required asterisk-right\"><label for='ff_2_names_first_name_' id='label_ff_2_names_first_name_' >Nom<\/label><\/div><div class='ff-el-input--content'><input type=\"text\" name=\"names[first_name]\" id=\"ff_2_names_first_name_\" class=\"ff-el-form-control\" placeholder=\"Votre nom\" aria-invalid=\"false\" aria-required=true><\/div><\/div><\/div><div class='ff-t-cell '><div class='ff-el-group  ff-el-form-top'><div class=\"ff-el-input--label ff-el-is-required asterisk-right\"><label for='ff_2_names_last_name_' id='label_ff_2_names_last_name_' >Pr\u00e9nom<\/label><\/div><div class='ff-el-input--content'><input type=\"text\" name=\"names[last_name]\" id=\"ff_2_names_last_name_\" class=\"ff-el-form-control\" placeholder=\"Votre pr\u00e9nom\" aria-invalid=\"false\" aria-required=true><\/div><\/div><\/div><\/div><\/div><div class='ff-el-group'><div class=\"ff-el-input--label ff-el-is-required asterisk-right\"><label for='ff_2_email' id='label_ff_2_email' aria-label=\"Courriel\">Courriel<\/label><\/div><div class='ff-el-input--content'><input type=\"email\" name=\"email\" id=\"ff_2_email\" class=\"ff-el-form-control\" placeholder=\"Votre courriel\" data-name=\"email\"  aria-invalid=\"false\" aria-required=true><\/div><\/div><div class='ff-el-group ff-text-left ff_submit_btn_wrapper ff_submit_btn_wrapper_custom'><button class=\"ff-btn ff-btn-submit ff-btn-md ff_btn_style wpf_has_custom_css\" type=\"submit\" name=\"custom_submit_button-2_1\" data-name=\"custom_submit_button-2_1\"  aria-label=\"Soumettre\">Soumettre<\/button><style>form.fluent_form_2 .wpf_has_custom_css.ff-btn-submit { background-color:#1a7efb;border-color:#1a7efb;color:#ffffff;min-width:100%; }form.fluent_form_2 .wpf_has_custom_css.ff-btn-submit:hover { background-color:#ffffff;border-color:#1a7efb;color:#1a7efb;min-width:100%; } <\/style><\/div><div class='ff-el-group ' style='margin-bottom: 0;'><div class='ff-el-input--content'><div data-fluent_id='2' name='cf-turnstile-response'><div\n\t\tdata-sitekey='0x4AAAAAAAPsuz_iRVFyXh-a'\n\t\tdata-theme='auto'\n\t\tid='fluentform-turnstile-2-1'\n\t\tclass='ff-el-turnstile cf-turnstile'\n\t\tdata-appearance='interaction-only'><\/div><\/div><\/div><\/div><\/fieldset><\/form><div id='fluentform_2_errors' class='ff-errors-in-stack ff_form_instance_2_1 ff-form-loading_errors ff_form_instance_2_1_errors'><\/div><\/div>            <script type=\"text\/javascript\">\n                window.fluent_form_ff_form_instance_2_1 = {\"id\":\"2\",\"ajaxUrl\":\"https:\\\/\\\/ecrimeprotex.com\\\/wp-admin\\\/admin-ajax.php\",\"settings\":{\"layout\":{\"labelPlacement\":\"top\",\"helpMessagePlacement\":\"with_label\",\"errorMessagePlacement\":\"inline\",\"asteriskPlacement\":\"asterisk-right\"},\"restrictions\":{\"denyEmptySubmission\":{\"enabled\":false}}},\"form_instance\":\"ff_form_instance_2_1\",\"form_id_selector\":\"fluentform_2\",\"rules\":{\"names[first_name]\":{\"required\":{\"value\":true,\"message\":\"Ce champs est requis\",\"global_message\":\"This field is required\",\"global\":false}},\"names[middle_name]\":{\"required\":{\"value\":false,\"message\":\"This field is required\",\"global_message\":\"This field is required\",\"global\":true}},\"names[last_name]\":{\"required\":{\"value\":true,\"message\":\"Ce champs est requis\",\"global_message\":\"This field is required\",\"global\":false}},\"email\":{\"required\":{\"value\":true,\"message\":\"Ce champs est requis\",\"global_message\":\"This field is required\",\"global\":false},\"email\":{\"value\":true,\"message\":\"Ce champ doit contenir un courriel valide\",\"global_message\":\"This field must contain a valid email\",\"global\":false}},\"cf-turnstile-response_1\":[]},\"debounce_time\":300};\n                            <\/script>\n            \t\t<\/div>\n\t<\/div>\n<\/div>\n<\/div><\/div><\/div>\n<\/div><\/div><\/div><\/div><\/div>\n<\/div><\/div><\/div><\/div><\/div>\n\n\n\n<div class=\"wp-block-essential-blocks-button\"><div class=\"eb-parent-wrapper eb-parent-eb-button-xy2mc \"><div class=\"eb-button-wrapper eb-button-alignment eb-button-xy2mc\"><div class=\"eb-button\"><a class=\"eb-button-anchor\" href=\"https:\/\/ecrimeprotex.com\/en\/yatho\/\" rel=\"noopener\">English<\/a><\/div><\/div><\/div><\/div>\n\n\n\n<div class=\"wp-block-essential-blocks-button\"><div class=\"eb-parent-wrapper eb-parent-eb-button-3n6pt \"><div class=\"eb-button-wrapper eb-button-alignment eb-button-3n6pt\"><div class=\"eb-button\"><a class=\"eb-button-anchor\" href=\"https:\/\/ecrimeprotex.com\/yatho\/\" rel=\"noopener\">Fran\u00e7ais<\/a><\/div><\/div><\/div><\/div>\n\n\n\n<script>\nvar url = \"https:\/\/ecrimeprotex.com\/wp-content\/uploads\/2024\/01\/22.png\";\nvar urlLang = \"https:\/\/ecrimeprotex.com\/yatho\";\nif(window.location.toString().includes(\"en\")){\n var elist = document.querySelectorAll(\".eb-advanced-image-bdo87 > .image-wrapper > img, .eb-advanced-image-w8fyo > .image-wrapper > img\");\n elist.forEach(el => el.src= url);\n elist.forEach(el => el.alt= \"Adopt Yatho\");\n  var elements = document.querySelectorAll(\".eb-button-xy2mc\");\n  elements.forEach(function(element) {\n    element.style.display = \"none\";\n  });\n}else{\n  var elements = document.querySelectorAll(\".eb-button-3n6pt\");\n  elements.forEach(function(element) {\n    element.style.display = \"none\";\n  });\n}\n<\/script>\n","protected":false},"excerpt":{"rendered":"","protected":false},"author":1,"featured_media":0,"parent":0,"menu_order":0,"comment_status":"closed","ping_status":"closed","template":"","meta":{"_eb_attr":"","footnotes":""},"class_list":["post-325","page","type-page","status-publish","hentry"],"blocksy_meta":{"vertical_spacing_source":"custom","content_area_spacing":"none","disable_header":"yes","has_hero_section":"disabled","styles_descriptor":{"styles":{"desktop":"","tablet":"","mobile":""},"google_fonts":[],"version":6},"disable_footer":"yes"},"_links":{"self":[{"href":"https:\/\/ecrimeprotex.com\/en\/wp-json\/wp\/v2\/pages\/325","targetHints":{"allow":["GET"]}}],"collection":[{"href":"https:\/\/ecrimeprotex.com\/en\/wp-json\/wp\/v2\/pages"}],"about":[{"href":"https:\/\/ecrimeprotex.com\/en\/wp-json\/wp\/v2\/types\/page"}],"author":[{"embeddable":true,"href":"https:\/\/ecrimeprotex.com\/en\/wp-json\/wp\/v2\/users\/1"}],"replies":[{"embeddable":true,"href":"https:\/\/ecrimeprotex.com\/en\/wp-json\/wp\/v2\/comments?post=325"}],"version-history":[{"count":178,"href":"https:\/\/ecrimeprotex.com\/en\/wp-json\/wp\/v2\/pages\/325\/revisions"}],"predecessor-version":[{"id":1454,"href":"https:\/\/ecrimeprotex.com\/en\/wp-json\/wp\/v2\/pages\/325\/revisions\/1454"}],"wp:attachment":[{"href":"https:\/\/ecrimeprotex.com\/en\/wp-json\/wp\/v2\/media?parent=325"}],"curies":[{"name":"wp","href":"https:\/\/api.w.org\/{rel}","templated":true}]}}